{"id":66,"date":"2022-03-02T14:57:33","date_gmt":"2022-03-02T13:57:33","guid":{"rendered":"https:\/\/air-separator.de\/?page_id=66"},"modified":"2023-10-24T19:51:37","modified_gmt":"2023-10-24T17:51:37","slug":"impressum","status":"publish","type":"page","link":"https:\/\/air-separator.de\/en\/impressum\/","title":{"rendered":"Impressum"},"content":{"rendered":"<div data-elementor-type=\"wp-page\" data-elementor-id=\"66\" class=\"elementor elementor-66\" data-elementor-settings=\"{&quot;ha_cmc_init_switcher&quot;:&quot;no&quot;}\">\n\t\t\t\t\t\t<section class=\"elementor-section elementor-top-section elementor-element elementor-element-5a6e4e34 elementor-section-boxed elementor-section-height-default elementor-section-height-default\" data-id=\"5a6e4e34\" data-element_type=\"section\" data-e-type=\"section\" data-settings=\"{&quot;_ha_eqh_enable&quot;:false}\">\n\t\t\t\t\t\t<div class=\"elementor-container elementor-column-gap-default\">\n\t\t\t\t\t<div class=\"elementor-column elementor-col-100 elementor-top-column elementor-element elementor-element-21129c21\" data-id=\"21129c21\" data-element_type=\"column\" data-e-type=\"column\">\n\t\t\t<div class=\"elementor-widget-wrap elementor-element-populated\">\n\t\t\t\t\t\t<div class=\"elementor-element elementor-element-475178f3 elementor-widget elementor-widget-text-editor\" data-id=\"475178f3\" data-element_type=\"widget\" data-e-type=\"widget\" data-widget_type=\"text-editor.default\">\n\t\t\t\t<div class=\"elementor-widget-container\">\n\t\t\t\t\t\t\t\t\t\n<h2 class=\"wp-block-heading\">IMPRESSUM<\/h2>\n\t\t\t\t\t\t\t\t<\/div>\n\t\t\t\t<\/div>\n\t\t\t\t<div class=\"elementor-element elementor-element-03509fe elementor-widget-divider--view-line elementor-widget elementor-widget-divider\" data-id=\"03509fe\" data-element_type=\"widget\" data-e-type=\"widget\" data-widget_type=\"divider.default\">\n\t\t\t\t<div class=\"elementor-widget-container\">\n\t\t\t\t\t\t\t<div class=\"elementor-divider\">\n\t\t\t<span class=\"elementor-divider-separator\">\n\t\t\t\t\t\t<\/span>\n\t\t<\/div>\n\t\t\t\t\t\t<\/div>\n\t\t\t\t<\/div>\n\t\t\t\t\t<\/div>\n\t\t<\/div>\n\t\t\t\t\t<\/div>\n\t\t<\/section>\n\t\t\t\t<section class=\"elementor-section elementor-top-section elementor-element elementor-element-f45a199 elementor-section-boxed elementor-section-height-default elementor-section-height-default\" data-id=\"f45a199\" data-element_type=\"section\" data-e-type=\"section\" data-settings=\"{&quot;_ha_eqh_enable&quot;:false}\">\n\t\t\t\t\t\t<div class=\"elementor-container elementor-column-gap-default\">\n\t\t\t\t\t<div class=\"elementor-column elementor-col-100 elementor-top-column elementor-element elementor-element-f1e8c58\" data-id=\"f1e8c58\" data-element_type=\"column\" data-e-type=\"column\">\n\t\t\t<div class=\"elementor-widget-wrap elementor-element-populated\">\n\t\t\t\t\t\t<div class=\"elementor-element elementor-element-d675e3d elementor-widget elementor-widget-text-editor\" data-id=\"d675e3d\" data-element_type=\"widget\" data-e-type=\"widget\" data-widget_type=\"text-editor.default\">\n\t\t\t\t<div class=\"elementor-widget-container\">\n\t\t\t\t\t\t\t\t\t<p><\/p>\n<p><strong>AIR SEPARATOR <\/strong><strong>TECHNOLOGIE GmbH<br \/><\/strong><strong>Gesch\u00e4ftsf\u00fchrer Christian H\u00e4usler<\/strong><\/p>\n<p>Haldenloh E 3, D- 86465 Welden<br \/>Sitz der Gesellschaft: Welden<br \/>Registergericht: Amtsgericht Augsburg HRB 23351<br \/>Gesch\u00e4ftsf\u00fchrer: Christian H\u00e4usler<br \/>UStIdent-Nr. DE258936254<br \/><a href=\"mailto:info@air-separator.de\">info@air-separator.de<\/a><\/p>\n<p><strong><br \/>Gestaltung und Realisation<\/strong><br \/>Agentur Reuter GbR<br \/><a href=\"http:\/\/www.agenturreuter.de\/\" target=\"_blank\" rel=\"noopener\">www.agenturreuter.de<\/a><\/p>\n<p align=\"justify\"><br \/>Diese Website wurde mit gr\u00f6\u00dftm\u00f6glicher Sorgfalt erstellt. Jedoch kann keine Gew\u00e4hr f\u00fcr Korrektheit und Vollst\u00e4ndigkeit der Informationen \u00fcbernommen werden. Alle auf dieser Webseite bereitgestellten Informationen oder Hinweise sind allgemeiner Natur und sollten nicht als Grundlage f\u00fcr Entscheidungen verwendet werden.<\/p>\n<p align=\"justify\">Wir versuchen richtige, vollst\u00e4ndige und aktuelle Inhalte bereitzustellen. Dennoch \u00fcbernehmen wir keine Gew\u00e4hr f\u00fcr die Genauigkeit und Vollst\u00e4ndigkeit der Angaben. Der gesamte Inhalt sowie alle Informationen und Hinweise beziehen sich auf den jeweils aktuellen Stand. Bei der Kontaktaufnahme erfolgen Ihre pers\u00f6nliche Angaben freiwillig. Eine Verarbeitung und Nutzung Ihrer Daten f\u00fcr Zwecke der Beratung und Werbung erfolgt mit Ihrer Zustimmung.<br \/><br \/>Kopieren und reproduzieren dieser Webseiten ist sowohl gesamt, als auch teilweise nur zum Zweck einer Auftragserteilung an die AIR SEPARATOR TECHNOLOGIE GmbH gestattet. Jede andere Verwendung der auf diesen Webseiten verf\u00fcgbaren Informationen bzw. Materialien ist nur mit ausdr\u00fccklicher Genehmigung gestattet. Wir weisen darauf hin, dass auf den Webseiten enthaltene Graphiken und Bilder teilweise dem Urheberrecht Dritter unterliegen.<\/p>\n<p>ALLE RECHTE VORBEHALTEN.<\/p>\n<p><\/p>\t\t\t\t\t\t\t\t<\/div>\n\t\t\t\t<\/div>\n\t\t\t\t<div class=\"elementor-element elementor-element-9e429b1 elementor-widget elementor-widget-text-editor\" data-id=\"9e429b1\" data-element_type=\"widget\" data-e-type=\"widget\" data-widget_type=\"text-editor.default\">\n\t\t\t\t<div class=\"elementor-widget-container\">\n\t\t\t\t\t\t\t\t\t<p><\/p>\n<p>Bild- und Filmquellen: Kiril Lis, <span class=\"blue science-text\" data-t=\"detail-panel-content-author-name\">stock.adobe.com; cottonbro, pexels.com; eberhard-grossgasteiger, pexels.com; thirdman, pexels.com; <\/span><\/p>\n<p><\/p>\t\t\t\t\t\t\t\t<\/div>\n\t\t\t\t<\/div>\n\t\t\t\t\t<\/div>\n\t\t<\/div>\n\t\t\t\t\t<\/div>\n\t\t<\/section>\n\t\t\t\t<\/div>","protected":false},"excerpt":{"rendered":"<p>IMPRESSUM AIR SEPARATOR TECHNOLOGIE GmbHGesch\u00e4ftsf\u00fchrer Christian H\u00e4usler Haldenloh E 3, D- 86465 WeldenSitz der Gesellschaft: WeldenRegistergericht: Amtsgericht Augsburg HRB 23351Gesch\u00e4ftsf\u00fchrer: Christian H\u00e4uslerUStIdent-Nr. DE258936254info@air-separator.de Gestaltung und RealisationAgentur Reuter GbRwww.agenturreuter.de Diese Website wurde mit gr\u00f6\u00dftm\u00f6glicher Sorgfalt erstellt. Jedoch kann keine Gew\u00e4hr f\u00fcr Korrektheit und Vollst\u00e4ndigkeit der Informationen \u00fcbernommen werden. Alle auf dieser Webseite bereitgestellten Informationen oder Hinweise [&hellip;]<\/p>\n","protected":false},"author":1,"featured_media":0,"parent":0,"menu_order":0,"comment_status":"closed","ping_status":"closed","template":"","meta":{"ocean_post_layout":"full-screen","ocean_both_sidebars_style":"","ocean_both_sidebars_content_width":0,"ocean_both_sidebars_sidebars_width":0,"ocean_sidebar":"0","ocean_second_sidebar":"0","ocean_disable_margins":"enable","ocean_add_body_class":"","ocean_shortcode_before_top_bar":"","ocean_shortcode_after_top_bar":"","ocean_shortcode_before_header":"","ocean_shortcode_after_header":"","ocean_has_shortcode":"","ocean_shortcode_after_title":"","ocean_shortcode_before_footer_widgets":"","ocean_shortcode_after_footer_widgets":"","ocean_shortcode_before_footer_bottom":"","ocean_shortcode_after_footer_bottom":"","ocean_display_top_bar":"off","ocean_display_header":"default","ocean_header_style":"","ocean_center_header_left_menu":"0","ocean_custom_header_template":"0","ocean_custom_logo":0,"ocean_custom_retina_logo":0,"ocean_custom_logo_max_width":0,"ocean_custom_logo_tablet_max_width":0,"ocean_custom_logo_mobile_max_width":0,"ocean_custom_logo_max_height":0,"ocean_custom_logo_tablet_max_height":0,"ocean_custom_logo_mobile_max_height":0,"ocean_header_custom_menu":"0","ocean_menu_typo_font_family":"0","ocean_menu_typo_font_subset":"","ocean_menu_typo_font_size":0,"ocean_menu_typo_font_size_tablet":0,"ocean_menu_typo_font_size_mobile":0,"ocean_menu_typo_font_size_unit":"px","ocean_menu_typo_font_weight":"","ocean_menu_typo_font_weight_tablet":"","ocean_menu_typo_font_weight_mobile":"","ocean_menu_typo_transform":"","ocean_menu_typo_transform_tablet":"","ocean_menu_typo_transform_mobile":"","ocean_menu_typo_line_height":0,"ocean_menu_typo_line_height_tablet":0,"ocean_menu_typo_line_height_mobile":0,"ocean_menu_typo_line_height_unit":"","ocean_menu_typo_spacing":0,"ocean_menu_typo_spacing_tablet":0,"ocean_menu_typo_spacing_mobile":0,"ocean_menu_typo_spacing_unit":"","ocean_menu_link_color":"","ocean_menu_link_color_hover":"","ocean_menu_link_color_active":"","ocean_menu_link_background":"","ocean_menu_link_hover_background":"","ocean_menu_link_active_background":"","ocean_menu_social_links_bg":"","ocean_menu_social_hover_links_bg":"","ocean_menu_social_links_color":"","ocean_menu_social_hover_links_color":"","ocean_disable_title":"on","ocean_disable_heading":"default","ocean_post_title":"","ocean_post_subheading":"","ocean_post_title_style":"","ocean_post_title_background_color":"","ocean_post_title_background":0,"ocean_post_title_bg_image_position":"","ocean_post_title_bg_image_attachment":"","ocean_post_title_bg_image_repeat":"","ocean_post_title_bg_image_size":"","ocean_post_title_height":0,"ocean_post_title_bg_overlay":0.5,"ocean_post_title_bg_overlay_color":"","ocean_disable_breadcrumbs":"default","ocean_breadcrumbs_color":"","ocean_breadcrumbs_separator_color":"","ocean_breadcrumbs_links_color":"","ocean_breadcrumbs_links_hover_color":"","ocean_display_footer_widgets":"off","ocean_display_footer_bottom":"off","ocean_custom_footer_template":"0","footnotes":""},"class_list":["post-66","page","type-page","status-publish","hentry","entry"],"yoast_head":"<!-- This site is optimized with the Yoast SEO plugin v27.4 - https:\/\/yoast.com\/product\/yoast-seo-wordpress\/ -->\n<title>Impressum - AIR SEPARATOR TECHNOLOGIE GmbH<\/title>\n<meta name=\"description\" content=\"Im Impressum der Air Separator GmbH finden Sie alle wichtigen Kontaktdaten, die gesetztlich vorgeschrieben sind.\" \/>\n<meta name=\"robots\" content=\"index, follow, max-snippet:-1, max-image-preview:large, max-video-preview:-1\" \/>\n<link rel=\"canonical\" href=\"https:\/\/air-separator.de\/en\/impressum\/\" \/>\n<meta property=\"og:locale\" content=\"en_US\" \/>\n<meta property=\"og:type\" content=\"article\" \/>\n<meta property=\"og:title\" content=\"Impressum - AIR SEPARATOR TECHNOLOGIE GmbH\" \/>\n<meta property=\"og:description\" content=\"Im Impressum der Air Separator GmbH finden Sie alle wichtigen Kontaktdaten, die gesetztlich vorgeschrieben sind.\" \/>\n<meta property=\"og:url\" content=\"https:\/\/air-separator.de\/en\/impressum\/\" \/>\n<meta property=\"og:site_name\" content=\"AIR SEPARATOR TECHNOLOGIE GmbH\" \/>\n<meta property=\"article:modified_time\" content=\"2023-10-24T17:51:37+00:00\" \/>\n<meta name=\"twitter:card\" content=\"summary_large_image\" \/>\n<meta name=\"twitter:label1\" content=\"Est. reading time\" \/>\n\t<meta name=\"twitter:data1\" content=\"2 minutes\" \/>\n<script type=\"application\/ld+json\" class=\"yoast-schema-graph\">{\"@context\":\"https:\\\/\\\/schema.org\",\"@graph\":[{\"@type\":\"WebPage\",\"@id\":\"https:\\\/\\\/air-separator.de\\\/impressum\\\/\",\"url\":\"https:\\\/\\\/air-separator.de\\\/impressum\\\/\",\"name\":\"Impressum - AIR SEPARATOR TECHNOLOGIE GmbH\",\"isPartOf\":{\"@id\":\"https:\\\/\\\/air-separator.de\\\/#website\"},\"datePublished\":\"2022-03-02T13:57:33+00:00\",\"dateModified\":\"2023-10-24T17:51:37+00:00\",\"description\":\"Im Impressum der Air Separator GmbH finden Sie alle wichtigen Kontaktdaten, die gesetztlich vorgeschrieben sind.\",\"breadcrumb\":{\"@id\":\"https:\\\/\\\/air-separator.de\\\/impressum\\\/#breadcrumb\"},\"inLanguage\":\"en-US\",\"potentialAction\":[{\"@type\":\"ReadAction\",\"target\":[\"https:\\\/\\\/air-separator.de\\\/impressum\\\/\"]}]},{\"@type\":\"BreadcrumbList\",\"@id\":\"https:\\\/\\\/air-separator.de\\\/impressum\\\/#breadcrumb\",\"itemListElement\":[{\"@type\":\"ListItem\",\"position\":1,\"name\":\"Startseite\",\"item\":\"https:\\\/\\\/air-separator.de\\\/\"},{\"@type\":\"ListItem\",\"position\":2,\"name\":\"Impressum\"}]},{\"@type\":\"WebSite\",\"@id\":\"https:\\\/\\\/air-separator.de\\\/#website\",\"url\":\"https:\\\/\\\/air-separator.de\\\/\",\"name\":\"AIR SEPARATOR TECHNOLOGIE GmbH\",\"description\":\"Gasgeneratorenhersteller; Stickstofferzeugung per Stickstoffgenerator; Stickstofferzeugung, Stickstoffgenerator; Stickstoff; AST Air Separator Technologie; Generator; Airseparator N2; Mischgas; Erzeugungsanlage; Schankanlage; Kompressor; Membrane; Hohlfaser; Sch\u00e4dlingsbek\u00e4mpfung; Brandschutz; Holzgas; Oxidation; 3-D-Druk\",\"publisher\":{\"@id\":\"https:\\\/\\\/air-separator.de\\\/#organization\"},\"alternateName\":\"air separator\",\"potentialAction\":[{\"@type\":\"SearchAction\",\"target\":{\"@type\":\"EntryPoint\",\"urlTemplate\":\"https:\\\/\\\/air-separator.de\\\/?s={search_term_string}\"},\"query-input\":{\"@type\":\"PropertyValueSpecification\",\"valueRequired\":true,\"valueName\":\"search_term_string\"}}],\"inLanguage\":\"en-US\"},{\"@type\":\"Organization\",\"@id\":\"https:\\\/\\\/air-separator.de\\\/#organization\",\"name\":\"Air Separator GmbH\",\"url\":\"https:\\\/\\\/air-separator.de\\\/\",\"logo\":{\"@type\":\"ImageObject\",\"inLanguage\":\"en-US\",\"@id\":\"https:\\\/\\\/air-separator.de\\\/#\\\/schema\\\/logo\\\/image\\\/\",\"url\":\"https:\\\/\\\/air-separator.de\\\/wp-content\\\/uploads\\\/2022\\\/03\\\/cropped-01_Logo_AST.png\",\"contentUrl\":\"https:\\\/\\\/air-separator.de\\\/wp-content\\\/uploads\\\/2022\\\/03\\\/cropped-01_Logo_AST.png\",\"width\":696,\"height\":241,\"caption\":\"Air Separator GmbH\"},\"image\":{\"@id\":\"https:\\\/\\\/air-separator.de\\\/#\\\/schema\\\/logo\\\/image\\\/\"}}]}<\/script>\n<!-- \/ Yoast SEO plugin. -->","yoast_head_json":{"title":"Impressum - AIR SEPARATOR TECHNOLOGIE GmbH","description":"Im Impressum der Air Separator GmbH finden Sie alle wichtigen Kontaktdaten, die gesetztlich vorgeschrieben sind.","robots":{"index":"index","follow":"follow","max-snippet":"max-snippet:-1","max-image-preview":"max-image-preview:large","max-video-preview":"max-video-preview:-1"},"canonical":"https:\/\/air-separator.de\/en\/impressum\/","og_locale":"en_US","og_type":"article","og_title":"Impressum - AIR SEPARATOR TECHNOLOGIE GmbH","og_description":"Im Impressum der Air Separator GmbH finden Sie alle wichtigen Kontaktdaten, die gesetztlich vorgeschrieben sind.","og_url":"https:\/\/air-separator.de\/en\/impressum\/","og_site_name":"AIR SEPARATOR TECHNOLOGIE GmbH","article_modified_time":"2023-10-24T17:51:37+00:00","twitter_card":"summary_large_image","twitter_misc":{"Est. reading time":"2 minutes"},"schema":{"@context":"https:\/\/schema.org","@graph":[{"@type":"WebPage","@id":"https:\/\/air-separator.de\/impressum\/","url":"https:\/\/air-separator.de\/impressum\/","name":"Impressum - AIR SEPARATOR TECHNOLOGIE GmbH","isPartOf":{"@id":"https:\/\/air-separator.de\/#website"},"datePublished":"2022-03-02T13:57:33+00:00","dateModified":"2023-10-24T17:51:37+00:00","description":"Im Impressum der Air Separator GmbH finden Sie alle wichtigen Kontaktdaten, die gesetztlich vorgeschrieben sind.","breadcrumb":{"@id":"https:\/\/air-separator.de\/impressum\/#breadcrumb"},"inLanguage":"en-US","potentialAction":[{"@type":"ReadAction","target":["https:\/\/air-separator.de\/impressum\/"]}]},{"@type":"BreadcrumbList","@id":"https:\/\/air-separator.de\/impressum\/#breadcrumb","itemListElement":[{"@type":"ListItem","position":1,"name":"Startseite","item":"https:\/\/air-separator.de\/"},{"@type":"ListItem","position":2,"name":"Impressum"}]},{"@type":"WebSite","@id":"https:\/\/air-separator.de\/#website","url":"https:\/\/air-separator.de\/","name":"AIR SEPARATOR TECHNOLOGIE GmbH","description":"Gasgeneratorenhersteller; Stickstofferzeugung per Stickstoffgenerator; Stickstofferzeugung, Stickstoffgenerator; Stickstoff; AST Air Separator Technologie; Generator; Airseparator N2; Mischgas; Erzeugungsanlage; Schankanlage; Kompressor; Membrane; Hohlfaser; Sch\u00e4dlingsbek\u00e4mpfung; Brandschutz; Holzgas; Oxidation; 3-D-Druk","publisher":{"@id":"https:\/\/air-separator.de\/#organization"},"alternateName":"air separator","potentialAction":[{"@type":"SearchAction","target":{"@type":"EntryPoint","urlTemplate":"https:\/\/air-separator.de\/?s={search_term_string}"},"query-input":{"@type":"PropertyValueSpecification","valueRequired":true,"valueName":"search_term_string"}}],"inLanguage":"en-US"},{"@type":"Organization","@id":"https:\/\/air-separator.de\/#organization","name":"Air Separator GmbH","url":"https:\/\/air-separator.de\/","logo":{"@type":"ImageObject","inLanguage":"en-US","@id":"https:\/\/air-separator.de\/#\/schema\/logo\/image\/","url":"https:\/\/air-separator.de\/wp-content\/uploads\/2022\/03\/cropped-01_Logo_AST.png","contentUrl":"https:\/\/air-separator.de\/wp-content\/uploads\/2022\/03\/cropped-01_Logo_AST.png","width":696,"height":241,"caption":"Air Separator GmbH"},"image":{"@id":"https:\/\/air-separator.de\/#\/schema\/logo\/image\/"}}]}},"_links":{"self":[{"href":"https:\/\/air-separator.de\/en\/wp-json\/wp\/v2\/pages\/66","targetHints":{"allow":["GET"]}}],"collection":[{"href":"https:\/\/air-separator.de\/en\/wp-json\/wp\/v2\/pages"}],"about":[{"href":"https:\/\/air-separator.de\/en\/wp-json\/wp\/v2\/types\/page"}],"author":[{"embeddable":true,"href":"https:\/\/air-separator.de\/en\/wp-json\/wp\/v2\/users\/1"}],"replies":[{"embeddable":true,"href":"https:\/\/air-separator.de\/en\/wp-json\/wp\/v2\/comments?post=66"}],"version-history":[{"count":10,"href":"https:\/\/air-separator.de\/en\/wp-json\/wp\/v2\/pages\/66\/revisions"}],"predecessor-version":[{"id":1428,"href":"https:\/\/air-separator.de\/en\/wp-json\/wp\/v2\/pages\/66\/revisions\/1428"}],"wp:attachment":[{"href":"https:\/\/air-separator.de\/en\/wp-json\/wp\/v2\/media?parent=66"}],"curies":[{"name":"wp","href":"https:\/\/api.w.org\/{rel}","templated":true}]}}